{"id":7,"date":"2024-06-25T08:54:40","date_gmt":"2024-06-25T08:54:40","guid":{"rendered":"https:\/\/senti.ovh\/?page_id=7"},"modified":"2024-06-25T17:29:41","modified_gmt":"2024-06-25T17:29:41","slug":"o-nas","status":"publish","type":"page","link":"https:\/\/senti.ovh\/index.php\/o-nas\/","title":{"rendered":"O nas"},"content":{"rendered":"\n<p>Senti Leatherworks to jednoosobowa dzia\u0142alno\u015b\u0107, kt\u00f3ra od 8 lat specjalizuje si\u0119 w tworzeniu r\u0119cznie wykonywanych sk\u00f3rzanych akcesori\u00f3w najwy\u017cszej jako\u015bci. Za ka\u017cd\u0105 sztuk\u0105 stoi pasja, precyzja i dba\u0142o\u015b\u0107 o ka\u017cdy szczeg\u00f3\u0142, co sprawia, \u017ce nasze produkty s\u0105 wyj\u0105tkowe i niepowtarzalne.<\/p>\n\n\n\n<p><\/p>\n\n\n\n<figure class=\"wp-block-image size-large\"><img loading=\"lazy\" decoding=\"async\" width=\"1024\" height=\"683\" src=\"http:\/\/senti.ovh\/wp-content\/uploads\/2024\/06\/1-Copy-1024x683.webp\" alt=\"\" class=\"wp-image-21\" srcset=\"https:\/\/senti.ovh\/wp-content\/uploads\/2024\/06\/1-Copy-1024x683.webp 1024w, https:\/\/senti.ovh\/wp-content\/uploads\/2024\/06\/1-Copy-300x200.webp 300w, https:\/\/senti.ovh\/wp-content\/uploads\/2024\/06\/1-Copy-768x512.webp 768w, https:\/\/senti.ovh\/wp-content\/uploads\/2024\/06\/1-Copy-1536x1024.webp 1536w, https:\/\/senti.ovh\/wp-content\/uploads\/2024\/06\/1-Copy.webp 1800w\" sizes=\"auto, (max-width: 1024px) 100vw, 1024px\" \/><\/figure>\n\n\n\n<p>Ka\u017cdy produkt jest starannie wykonany r\u0119cznie z najlepszej gatunkowo sk\u00f3ry, co gwarantuje ich trwa\u0142o\u015b\u0107 i elegancj\u0119. W naszej ofercie znajdziesz eleganckie torby, stylowe portfele, solidne paski i funkcjonalne etui, kt\u00f3re \u0142\u0105cz\u0105 w sobie tradycj\u0119 rzemios\u0142a z nowoczesnym designem.<\/p>\n\n\n\n<p><\/p>\n\n\n\n<figure class=\"wp-block-image size-large\"><img loading=\"lazy\" decoding=\"async\" width=\"1024\" height=\"683\" src=\"http:\/\/senti.ovh\/wp-content\/uploads\/2024\/06\/2-Copy-1024x683.webp\" alt=\"\" class=\"wp-image-23\" srcset=\"https:\/\/senti.ovh\/wp-content\/uploads\/2024\/06\/2-Copy-1024x683.webp 1024w, https:\/\/senti.ovh\/wp-content\/uploads\/2024\/06\/2-Copy-300x200.webp 300w, https:\/\/senti.ovh\/wp-content\/uploads\/2024\/06\/2-Copy-768x512.webp 768w, https:\/\/senti.ovh\/wp-content\/uploads\/2024\/06\/2-Copy-1536x1024.webp 1536w, https:\/\/senti.ovh\/wp-content\/uploads\/2024\/06\/2-Copy.webp 1800w\" sizes=\"auto, (max-width: 1024px) 100vw, 1024px\" \/><\/figure>\n\n\n\n<p>Jako jednoosobowa dzia\u0142alno\u015b\u0107, zapewniam indywidualne podej\u015bcie do ka\u017cdego klienta, dbaj\u0105c o to, aby ka\u017cdy produkt spe\u0142nia\u0142 najwy\u017csze standardy jako\u015bci i estetyki. Moje sk\u00f3rzane akcesoria to nie tylko przedmioty u\u017cytkowe, ale tak\u017ce wyraz unikalnego stylu i osobowo\u015bci. Wybieraj\u0105c produkty Senti Leatherworks, inwestujesz w wyj\u0105tkowo\u015b\u0107, kt\u00f3ra przetrwa pr\u00f3b\u0119 czasu.<\/p>\n","protected":false},"excerpt":{"rendered":"<p>Senti Leatherworks to jednoosobowa dzia\u0142alno\u015b\u0107, kt\u00f3ra od 8 lat specjalizuje si\u0119 w tworzeniu r\u0119cznie wykonywanych sk\u00f3rzanych akcesori\u00f3w najwy\u017cszej jako\u015bci. Za ka\u017cd\u0105 sztuk\u0105 stoi pasja, precyzja i dba\u0142o\u015b\u0107 o ka\u017cdy szczeg\u00f3\u0142, co sprawia, \u017ce nasze produkty s\u0105 wyj\u0105tkowe i niepowtarzalne. Ka\u017cdy produkt jest starannie wykonany r\u0119cznie z najlepszej gatunkowo sk\u00f3ry, co gwarantuje ich trwa\u0142o\u015b\u0107 i elegancj\u0119. [&hellip;]<\/p>\n","protected":false},"author":1,"featured_media":0,"parent":0,"menu_order":0,"comment_status":"closed","ping_status":"closed","template":"","meta":{"_themeisle_gutenberg_block_has_review":false,"footnotes":""},"class_list":["post-7","page","type-page","status-publish","hentry"],"_links":{"self":[{"href":"https:\/\/senti.ovh\/index.php\/wp-json\/wp\/v2\/pages\/7","targetHints":{"allow":["GET"]}}],"collection":[{"href":"https:\/\/senti.ovh\/index.php\/wp-json\/wp\/v2\/pages"}],"about":[{"href":"https:\/\/senti.ovh\/index.php\/wp-json\/wp\/v2\/types\/page"}],"author":[{"embeddable":true,"href":"https:\/\/senti.ovh\/index.php\/wp-json\/wp\/v2\/users\/1"}],"replies":[{"embeddable":true,"href":"https:\/\/senti.ovh\/index.php\/wp-json\/wp\/v2\/comments?post=7"}],"version-history":[{"count":4,"href":"https:\/\/senti.ovh\/index.php\/wp-json\/wp\/v2\/pages\/7\/revisions"}],"predecessor-version":[{"id":65,"href":"https:\/\/senti.ovh\/index.php\/wp-json\/wp\/v2\/pages\/7\/revisions\/65"}],"wp:attachment":[{"href":"https:\/\/senti.ovh\/index.php\/wp-json\/wp\/v2\/media?parent=7"}],"curies":[{"name":"wp","href":"https:\/\/api.w.org\/{rel}","templated":true}]}}