{"id":36,"date":"2024-06-25T12:35:16","date_gmt":"2024-06-25T12:35:16","guid":{"rendered":"https:\/\/senti.ovh\/?page_id=36"},"modified":"2025-07-25T15:32:44","modified_gmt":"2025-07-25T15:32:44","slug":"kontakt","status":"publish","type":"page","link":"https:\/\/senti.ovh\/index.php\/kontakt\/","title":{"rendered":"Kontakt"},"content":{"rendered":"\n<h3 class=\"wp-block-heading\">Szukasz wyj\u0105tkowych sk\u00f3rzanych produkt\u00f3w? Znalaz\u0142e\u015b idealne miejsce!<\/h3>\n\n\n\n<p>Wyroby sk\u00f3rzane, kt\u00f3re oferuje to po\u0142\u0105czenie tradycji rzemie\u015blniczej z nowoczesnym designem. Ka\u017cdy produkt jest r\u0119cznie wykonany z najwy\u017cszej jako\u015bci sk\u00f3ry, aby zapewni\u0107 niepowtarzalno\u015b\u0107 i trwa\u0142o\u015b\u0107 na lata.<\/p>\n\n\n\n<h3 class=\"wp-block-heading\">Dlaczego warto nas wybra\u0107?<\/h3>\n\n\n\n<ul class=\"wp-block-list\">\n<li><strong>Unikalny design<\/strong>: Ka\u017cdy produkt jest jedyny w swoim rodzaju.<\/li>\n\n\n\n<li><strong>Najwy\u017csza jako\u015b\u0107<\/strong>: U\u017cywamy tylko najlepszych materia\u0142\u00f3w.<\/li>\n\n\n\n<li><strong>R\u0119czne wykonanie<\/strong>: Dbamy o ka\u017cdy detal, by zapewni\u0107 najwy\u017csz\u0105 jako\u015b\u0107.<\/li>\n<\/ul>\n\n\n\n<h3 class=\"wp-block-heading\">Skontaktuj si\u0119 z nami ju\u017c dzi\u015b!<\/h3>\n\n\n\n<p>Zadzwo\u0144 lub napisz do nas, aby dowiedzie\u0107 si\u0119 wi\u0119cej i zam\u00f3wi\u0107 swoje unikalne sk\u00f3rzane cudo!<\/p>\n\n\n\n<p>\ud83d\udcf1 +48 508 940 608<\/p>\n\n\n\n<p>\ud83d\udce7 pracownia.senti@gmail.com<\/p>\n\n\n\n<h4 class=\"wp-block-heading\">Podaruj sobie lub bliskim co\u015b wyj\u0105tkowego.<\/h4>\n","protected":false},"excerpt":{"rendered":"<p>Szukasz wyj\u0105tkowych sk\u00f3rzanych produkt\u00f3w? Znalaz\u0142e\u015b idealne miejsce! Wyroby sk\u00f3rzane, kt\u00f3re oferuje to po\u0142\u0105czenie tradycji rzemie\u015blniczej z nowoczesnym designem. Ka\u017cdy produkt jest r\u0119cznie wykonany z najwy\u017cszej jako\u015bci sk\u00f3ry, aby zapewni\u0107 niepowtarzalno\u015b\u0107 i trwa\u0142o\u015b\u0107 na lata. Dlaczego warto nas wybra\u0107? Skontaktuj si\u0119 z nami ju\u017c dzi\u015b! Zadzwo\u0144 lub napisz do nas, aby dowiedzie\u0107 si\u0119 wi\u0119cej i zam\u00f3wi\u0107 [&hellip;]<\/p>\n","protected":false},"author":1,"featured_media":0,"parent":0,"menu_order":0,"comment_status":"closed","ping_status":"closed","template":"","meta":{"_themeisle_gutenberg_block_has_review":false,"footnotes":""},"class_list":["post-36","page","type-page","status-publish","hentry"],"_links":{"self":[{"href":"https:\/\/senti.ovh\/index.php\/wp-json\/wp\/v2\/pages\/36","targetHints":{"allow":["GET"]}}],"collection":[{"href":"https:\/\/senti.ovh\/index.php\/wp-json\/wp\/v2\/pages"}],"about":[{"href":"https:\/\/senti.ovh\/index.php\/wp-json\/wp\/v2\/types\/page"}],"author":[{"embeddable":true,"href":"https:\/\/senti.ovh\/index.php\/wp-json\/wp\/v2\/users\/1"}],"replies":[{"embeddable":true,"href":"https:\/\/senti.ovh\/index.php\/wp-json\/wp\/v2\/comments?post=36"}],"version-history":[{"count":2,"href":"https:\/\/senti.ovh\/index.php\/wp-json\/wp\/v2\/pages\/36\/revisions"}],"predecessor-version":[{"id":125,"href":"https:\/\/senti.ovh\/index.php\/wp-json\/wp\/v2\/pages\/36\/revisions\/125"}],"wp:attachment":[{"href":"https:\/\/senti.ovh\/index.php\/wp-json\/wp\/v2\/media?parent=36"}],"curies":[{"name":"wp","href":"https:\/\/api.w.org\/{rel}","templated":true}]}}